{"id":22611,"date":"2025-09-26T10:23:44","date_gmt":"2025-09-26T10:23:44","guid":{"rendered":"https:\/\/solalrenov.com\/?page_id=22611"},"modified":"2025-10-15T08:18:09","modified_gmt":"2025-10-15T08:18:09","slug":"legal-notice","status":"publish","type":"page","link":"https:\/\/solalrenov.com\/en\/legal-notice\/","title":{"rendered":"Legal Notice"},"content":{"rendered":"\t\t<div data-elementor-type=\"wp-page\" data-elementor-id=\"22611\" class=\"elementor elementor-22611\">\n\t\t\t\t\t\t<section class=\"elementor-section elementor-top-section elementor-element elementor-element-2d929ee elementor-section-stretched elementor-section-boxed elementor-section-height-default elementor-section-height-default sc_fly_static\" data-id=\"2d929ee\" data-element_type=\"section\" data-e-type=\"section\" data-settings=\"{&quot;background_background&quot;:&quot;classic&quot;,&quot;stretch_section&quot;:&quot;section-stretched&quot;}\">\n\t\t\t\t\t\t\t<div class=\"elementor-background-overlay\"><\/div>\n\t\t\t\t\t\t\t<div class=\"elementor-container elementor-column-gap-extended\">\n\t\t\t\t\t<div class=\"elementor-column elementor-col-100 elementor-top-column elementor-element elementor-element-65a2f7f sc_content_align_inherit sc_layouts_column_icons_position_left sc_fly_static\" data-id=\"65a2f7f\" data-element_type=\"column\" data-e-type=\"column\">\n\t\t\t<div class=\"elementor-widget-wrap elementor-element-populated\">\n\t\t\t\t\t\t<div class=\"elementor-element elementor-element-b5f5a3f sc_height_huge de_scroll_animation_no sc_fly_static elementor-widget elementor-widget-spacer\" data-id=\"b5f5a3f\" data-element_type=\"widget\" data-e-type=\"widget\" data-widget_type=\"spacer.default\">\n\t\t\t\t<div class=\"elementor-widget-container\">\n\t\t\t\t\t\t\t<div class=\"elementor-spacer\">\n\t\t\t<div class=\"elementor-spacer-inner\"><\/div>\n\t\t<\/div>\n\t\t\t\t\t\t<\/div>\n\t\t\t\t<\/div>\n\t\t\t\t<div class=\"elementor-element elementor-element-d810a01 de_scroll_animation_no sc_fly_static elementor-widget elementor-widget-trx_sc_title\" data-id=\"d810a01\" data-element_type=\"widget\" data-e-type=\"widget\" data-widget_type=\"trx_sc_title.default\">\n\t\t\t\t<div class=\"elementor-widget-container\">\n\t\t\t\t\t<div\t\tclass=\"sc_title sc_title_default\" ><h1 class=\"sc_item_title sc_title_title sc_align_center sc_item_title_style_default sc_item_title_tag trx_addons_inline_148468662\"\n\t\t\t><span class=\"sc_item_title_text\">Mentions l\u00e9gales\n<\/span><\/h1><\/div>\t\t\t\t<\/div>\n\t\t\t\t<\/div>\n\t\t\t\t<div class=\"elementor-element elementor-element-7763583 de_scroll_animation_no sc_fly_static elementor-widget elementor-widget-spacer\" data-id=\"7763583\" data-element_type=\"widget\" data-e-type=\"widget\" data-widget_type=\"spacer.default\">\n\t\t\t\t<div class=\"elementor-widget-container\">\n\t\t\t\t\t\t\t<div class=\"elementor-spacer\">\n\t\t\t<div class=\"elementor-spacer-inner\"><\/div>\n\t\t<\/div>\n\t\t\t\t\t\t<\/div>\n\t\t\t\t<\/div>\n\t\t\t\t<div class=\"elementor-element elementor-element-12fc307 sc_height_huge de_scroll_animation_no sc_fly_static elementor-widget elementor-widget-spacer\" data-id=\"12fc307\" data-element_type=\"widget\" data-e-type=\"widget\" data-widget_type=\"spacer.default\">\n\t\t\t\t<div class=\"elementor-widget-container\">\n\t\t\t\t\t\t\t<div class=\"elementor-spacer\">\n\t\t\t<div class=\"elementor-spacer-inner\"><\/div>\n\t\t<\/div>\n\t\t\t\t\t\t<\/div>\n\t\t\t\t<\/div>\n\t\t\t\t\t<\/div>\n\t\t<\/div>\n\t\t\t\t\t<\/div>\n\t\t<\/section>\n\t\t\t\t<section class=\"elementor-section elementor-top-section elementor-element elementor-element-9b8bd5d elementor-section-content-middle elementor-section-stretched elementor-section-boxed elementor-section-height-default elementor-section-height-default sc_fly_static\" data-id=\"9b8bd5d\" data-element_type=\"section\" data-e-type=\"section\" data-settings=\"{&quot;stretch_section&quot;:&quot;section-stretched&quot;,&quot;background_background&quot;:&quot;classic&quot;}\">\n\t\t\t\t\t\t<div class=\"elementor-container elementor-column-gap-extended\">\n\t\t\t\t\t<div class=\"elementor-column elementor-col-100 elementor-top-column elementor-element elementor-element-658ab5e sc_content_align_inherit sc_layouts_column_icons_position_left sc_fly_static\" data-id=\"658ab5e\" data-element_type=\"column\" data-e-type=\"column\">\n\t\t\t<div class=\"elementor-widget-wrap elementor-element-populated\">\n\t\t\t\t\t\t<div class=\"elementor-element elementor-element-1c0cd1c hero-breadcrums-bottom de_scroll_animation_no sc_fly_static elementor-widget elementor-widget-de-breadcrumb\" data-id=\"1c0cd1c\" data-element_type=\"widget\" data-e-type=\"widget\" data-widget_type=\"de-breadcrumb.default\">\n\t\t\t\t<div class=\"elementor-widget-container\">\n\t\t\t\t\t\t\t\t<div class=\"breadcrumbs\">\n\t\t\t\t<a href=\"https:\/\/solalrenov.com\/en\" rel=\"nofollow\">Home<\/a>\t\t\t<\/div>\n\t\t\t\t\t\t<\/div>\n\t\t\t\t<\/div>\n\t\t\t\t\t<\/div>\n\t\t<\/div>\n\t\t\t\t\t<\/div>\n\t\t<\/section>\n\t\t\t\t<section class=\"elementor-section elementor-top-section elementor-element elementor-element-2b1184b0 elementor-section-boxed elementor-section-height-default elementor-section-height-default sc_fly_static\" data-id=\"2b1184b0\" data-element_type=\"section\" data-e-type=\"section\" data-settings=\"{&quot;background_background&quot;:&quot;classic&quot;}\">\n\t\t\t\t\t\t<div class=\"elementor-container elementor-column-gap-extended\">\n\t\t\t\t\t<div class=\"elementor-column elementor-col-100 elementor-top-column elementor-element elementor-element-153e1c19 sc_content_align_inherit sc_layouts_column_icons_position_left sc_fly_static\" data-id=\"153e1c19\" data-element_type=\"column\" data-e-type=\"column\">\n\t\t\t<div class=\"elementor-widget-wrap elementor-element-populated\">\n\t\t\t\t\t\t<div class=\"elementor-element elementor-element-54db29de a-text-desc de_scroll_animation_no sc_fly_static elementor-widget elementor-widget-text-editor\" data-id=\"54db29de\" data-element_type=\"widget\" data-e-type=\"widget\" data-widget_type=\"text-editor.default\">\n\t\t\t\t<div class=\"elementor-widget-container\">\n\t\t\t\t\t\t\t\t\t<h5>Derni\u00e8re mise \u00e0 jour\u00a0: 26\/09\/2025<\/h5><h3><b><i>1. Informations sur l&rsquo;entreprise<\/i><\/b><\/h3><p style=\"font-family: 'DM Sans', sans-serif; font-size: 18px; line-height: inherit; font-weight: 400; font-style: normal; margin-top: 0px; margin-bottom: 28.26px; letter-spacing: 0.1px;\"><b>Site web:<\/b>\u00a0<a style=\"font-size: 18px; transition-property: all;\" href=\"https:\/\/solalrenov.com\/fr\/\">www.solalrenov.com<\/a><\/p><p style=\"font-family: 'DM Sans', sans-serif; font-size: 18px; line-height: inherit; font-weight: 400; font-style: normal; margin-top: 0px; margin-bottom: 28.26px; letter-spacing: 0.1px;\"><b>Nom de l&rsquo;entreprise:<\/b>\u00a0Solal Renov<\/p><p style=\"font-family: 'DM Sans', sans-serif; font-size: 18px; line-height: inherit; font-weight: 400; font-style: normal; margin-top: 0px; margin-bottom: 28.26px; letter-spacing: 0.1px;\"><strong style=\"font-size: 18px;\">Adresse<\/strong>: 58 avenue de Wagram 75017 Paris<\/p><p style=\"font-family: 'DM Sans', sans-serif; font-size: 18px; line-height: inherit; font-weight: 400; font-style: normal; margin-top: 0px; margin-bottom: 28.26px; letter-spacing: 0.1px;\"><strong style=\"font-size: 18px;\">E-mail<\/strong>:\u00a0<i><span style=\"font-size: 18px; font-weight: 400;\"><a style=\"font-size: 18px; transition-property: all;\" href=\"mailto:contact@solalrenov.com\">contact@solalrenov.com<\/a><\/span><\/i><\/p><p style=\"font-family: 'DM Sans', sans-serif; font-size: 18px; line-height: inherit; font-weight: 400; font-style: normal; margin-top: 0px; margin-bottom: 28.26px; letter-spacing: 0.1px;\"><strong style=\"font-size: 18px;\">Num\u00e9ro de t\u00e9l\u00e9phone<\/strong>:\u00a0<a style=\"font-size: 18px; transition-property: all;\" href=\"http:\/\/tel:0189316432\/\" target=\"_blank\" rel=\"noopener\">0189316432<\/a><\/p><p style=\"font-family: 'DM Sans', sans-serif; font-size: 18px; line-height: inherit; font-weight: 400; font-style: normal; margin-top: 0px; margin-bottom: 28.26px; letter-spacing: 0.1px;\"><b>PDG \/ Partie responsable :<\/b>\u00a0Thomas C Solal<\/p><hr \/><h3 style=\"font-family: 'Hind Madurai', sans-serif; font-size: 34.992px; line-height: 38.0013px; font-weight: 600; font-style: normal; color: #232a34; text-decoration: none; text-transform: none; letter-spacing: normal; margin-top: 40.2408px; margin-bottom: 19.2456px;\"><b><i>2. \u00c9diteur du site Web<\/i><\/b><\/h3><h3><i style=\"color: #5c6164; font-family: 'DM Sans', sans-serif; font-size: 18px; font-weight: 400; letter-spacing: 0.1px;\">Le site Web\u00a0<\/i><a style=\"font-family: 'DM Sans', sans-serif; font-size: 18px; font-weight: 400; font-style: normal; background-color: #ffffff; transition-property: all; letter-spacing: 0.1px;\" href=\"https:\/\/solalrenov.com\/fr\/\"><b><i>www.solalrenov.com<\/i><\/b><\/a><i style=\"color: #5c6164; font-family: 'DM Sans', sans-serif; font-size: 18px; font-weight: 400; letter-spacing: 0.1px;\">\u00a0est publi\u00e9 et g\u00e9r\u00e9 par :<\/i><i style=\"color: #5c6164; font-family: 'DM Sans', sans-serif; font-size: 18px; font-weight: 400; letter-spacing: 0.1px;\"><br \/><\/i><b style=\"color: #5c6164; font-family: 'DM Sans', sans-serif; font-size: 18px; letter-spacing: 0.1px;\"><i>Solal Renov<\/i><\/b><b style=\"color: #5c6164; font-family: 'DM Sans', sans-serif; font-size: 18px; letter-spacing: 0.1px;\"><i><br \/><\/i><\/b><i style=\"color: #5c6164; font-family: 'DM Sans', sans-serif; font-size: 18px; font-weight: 400; letter-spacing: 0.1px;\">58 avenue de Wagram 75017 Paris<\/i><i style=\"color: #5c6164; font-family: 'DM Sans', sans-serif; font-size: 18px; font-weight: 400; letter-spacing: 0.1px;\"><br \/><\/i><i style=\"color: #5c6164; font-family: 'DM Sans', sans-serif; font-size: 18px; font-weight: 400; letter-spacing: 0.1px;\"><span style=\"font-size: 18px; font-weight: 400;\"><a style=\"font-size: 18px; transition-property: all;\" href=\"mailto:contact@solalrenov.com\">contact@solalrenov.com<\/a><\/span><\/i><\/h3><hr \/><h3 style=\"font-family: 'Hind Madurai', sans-serif; font-size: 34.992px; line-height: 38.0013px; font-weight: 600; font-style: normal; color: #232a34; text-decoration: none; text-transform: none; letter-spacing: normal; margin-top: 40.2408px; margin-bottom: 19.2456px;\"><b><i>3. Fournisseur d&rsquo;h\u00e9bergement<\/i><\/b><\/h3><p style=\"font-family: 'DM Sans', sans-serif; font-size: 18px; line-height: inherit; font-weight: 400; font-style: normal; margin-top: 0px; margin-bottom: 28.26px; color: #5c6164; letter-spacing: 0.1px;\"><b>Nom du fournisseur\u00a0:<\/b>\u00a0OVHCloud<\/p><p style=\"font-family: 'DM Sans', sans-serif; font-size: 18px; line-height: inherit; font-weight: 400; font-style: normal; margin-top: 0px; margin-bottom: 28.26px; color: #5c6164; letter-spacing: 0.1px;\">Adresse : 58 av de Wagram 75017 Paris<\/p><p style=\"font-family: 'DM Sans', sans-serif; font-size: 18px; line-height: inherit; font-weight: 400; font-style: normal; margin-top: 0px; margin-bottom: 28.26px; color: #5c6164; letter-spacing: 0.1px;\">E-mail:\u00a0<i><span style=\"font-size: 18px; font-weight: 400;\"><a style=\"font-size: 18px; transition-property: all;\" href=\"mailto:contact@solalrenov.com\">contact@solalrenov.com<\/a><\/span><\/i><\/p><p style=\"font-family: 'DM Sans', sans-serif; font-size: 18px; line-height: inherit; font-weight: 400; font-style: normal; margin-top: 0px; margin-bottom: 28.26px; color: #5c6164; letter-spacing: 0.1px;\">Num\u00e9ro de t\u00e9l\u00e9phone:\u00a0<a style=\"font-size: 18px; transition-property: all;\" href=\"http:\/\/tel:0189316432\/\" target=\"_blank\" rel=\"noopener\">0189316432<\/a><\/p><hr \/><h3><b><i>4. Propri\u00e9t\u00e9 intellectuelle<\/i><\/b><\/h3><ul><li style=\"font-size: 18px; font-weight: 400;\" aria-level=\"1\"><i>Tout le contenu de ce site Web (textes, images, logos, vid\u00e9os, graphiques, structure et conception) est la propri\u00e9t\u00e9 exclusive de\u00a0<\/i><b><i>Solal Renov<\/i><\/b><i>\u00a0ou ses partenaires.<\/i><\/li><li style=\"font-size: 18px; font-weight: 400;\" aria-level=\"1\"><i>Toute reproduction, distribution, modification ou utilisation sans autorisation \u00e9crite pr\u00e9alable est strictement interdite.<\/i><\/li><li style=\"font-size: 18px; font-weight: 400;\" aria-level=\"1\"><i>Les marques et logos affich\u00e9s sont prot\u00e9g\u00e9s par le droit de la propri\u00e9t\u00e9 intellectuelle.<\/i><\/li><\/ul><h3><b><i>5. Utilisation du site Web<\/i><\/b><\/h3><ul><li style=\"font-size: 18px; font-weight: 400;\" aria-level=\"1\"><i>Les informations fournies sur ce site sont fournies \u00e0 titre informatif uniquement.<\/i><\/li><li style=\"font-size: 18px; font-weight: 400;\" aria-level=\"1\"><i>Bien que Solal Renov mette tout en \u0153uvre pour assurer l&rsquo;exactitude, des erreurs ou des omissions peuvent survenir.<\/i><\/li><li style=\"font-size: 18px; font-weight: 400;\" aria-level=\"1\"><i>Les utilisateurs reconnaissent qu&rsquo;ils acc\u00e8dent au site \u00e0 leurs propres risques.<\/i><\/li><\/ul><hr \/><h3><b><i>6. Liens externes<\/i><\/b><\/h3><p>\u00a0<\/p><p><span style=\"font-family: 'DM Sans', sans-serif; font-size: 18px; font-style: italic; font-weight: 400; letter-spacing: 0.1px;\">Notre site peut contenir des liens vers des sites web tiers. Solal Renov n&rsquo;est pas responsable du contenu, de l&rsquo;exactitude ni des pratiques de confidentialit\u00e9 de ces sites externes.<\/span><\/p><h3><b><i>7. Responsabilit\u00e9<\/i><\/b><\/h3><ul><li style=\"font-size: 18px; font-weight: 400;\" aria-level=\"1\"><i>Solal Renov ne pourra \u00eatre tenu responsable des dommages directs ou indirects r\u00e9sultant de l&rsquo;utilisation de ce site ou des services.<\/i><\/li><li style=\"font-size: 18px; font-weight: 400;\" aria-level=\"1\"><i>Les utilisateurs sont responsables de s\u2019assurer que toutes les informations qu\u2019ils fournissent sont exactes et l\u00e9gales.<\/i><\/li><\/ul><hr \/><h3><b><i>8. Protection des donn\u00e9es<\/i><\/b><\/h3><h3><i style=\"color: #5c6164; font-family: 'DM Sans', sans-serif; font-size: 18px; font-weight: 400; letter-spacing: 0.1px;\">Les donn\u00e9es personnelles collect\u00e9es via ce site sont trait\u00e9es conform\u00e9ment \u00e0 la\u00a0<\/i><b style=\"color: #5c6164; font-family: 'DM Sans', sans-serif; font-size: 18px; letter-spacing: 0.1px;\"><i>R\u00e8glement g\u00e9n\u00e9ral sur la protection des donn\u00e9es (RGPD)<\/i><\/b><i style=\"color: #5c6164; font-family: 'DM Sans', sans-serif; font-size: 18px; font-weight: 400; letter-spacing: 0.1px;\">Pour plus de d\u00e9tails, veuillez consulter notre [<a style=\"font-size: 18px; transition-property: all;\" href=\"https:\/\/solalrenov.com\/fr\/privacy-policy\/\">Politique de confidentialit\u00e9<\/a>].<\/i><\/h3><hr \/><h3><b><i>9. Loi applicable<\/i><\/b><\/h3><p>\u00a0<\/p><p><span style=\"font-family: 'DM Sans', sans-serif; font-size: 18px; font-style: italic; font-weight: 400; letter-spacing: 0.1px;\">Les pr\u00e9sentes mentions l\u00e9gales sont r\u00e9gies par le droit fran\u00e7ais. Tout litige relatif \u00e0 ce site web sera soumis \u00e0 la comp\u00e9tence des tribunaux fran\u00e7ais.<\/span><\/p><h3><b><i>10. Contactez-nous<\/i><\/b><\/h3><p><i style=\"font-size: 18px; letter-spacing: 0.1px;\">Pour toute question concernant ces mentions l\u00e9gales, veuillez nous contacter :<\/i><\/p><p style=\"font-family: 'DM Sans', sans-serif; font-size: 18px; line-height: inherit; font-weight: 400; font-style: normal; margin-top: 0px; margin-bottom: 28.26px; letter-spacing: 0.1px;\"><b>T\u00e9l\u00e9phone:<\/b><span style=\"font-size: 18px; font-weight: 400;\">\u00a0<a style=\"font-size: 18px; transition-property: all;\" href=\"http:\/\/tel:0189316432\/\" target=\"_blank\" rel=\"noopener\">0189316432<\/a><\/span><\/p><p style=\"font-family: 'DM Sans', sans-serif; font-size: 18px; line-height: inherit; font-weight: 400; font-style: normal; margin-top: 0px; margin-bottom: 28.26px; letter-spacing: 0.1px;\"><strong style=\"font-size: 18px;\">E-mail<\/strong>:\u00a0<a style=\"font-size: 18px; transition-property: all;\" href=\"mailto:contact@solalrenov.com\">contact@solalrenov.com<\/a><\/p><p style=\"font-family: 'DM Sans', sans-serif; font-size: 18px; line-height: inherit; font-weight: 400; font-style: normal; margin-top: 0px; letter-spacing: 0.1px;\"><strong style=\"font-size: 18px;\">Adresse<\/strong>: 58 avenue de Wagram 75017 Paris<\/p>\t\t\t\t\t\t\t\t<\/div>\n\t\t\t\t<\/div>\n\t\t\t\t\t<\/div>\n\t\t<\/div>\n\t\t\t\t\t<\/div>\n\t\t<\/section>\n\t\t\t\t<\/div>\n\t\t","protected":false},"excerpt":{"rendered":"<p>Mentions l\u00e9gales Home Derni\u00e8re mise \u00e0 jour\u00a0: 26\/09\/2025 1. Informations sur l&rsquo;entreprise Site web:\u00a0www.solalrenov.com Nom de l&rsquo;entreprise:\u00a0Solal Renov Adresse: 58 avenue de Wagram 75017 Paris E-mail:\u00a0contact@solalrenov.com Num\u00e9ro de t\u00e9l\u00e9phone:\u00a00189316432 PDG&hellip;<\/p>","protected":false},"author":4,"featured_media":0,"parent":0,"menu_order":0,"comment_status":"closed","ping_status":"closed","template":"","meta":{"content-type":"","inline_featured_image":false,"footnotes":""},"class_list":["post-22611","page","type-page","status-publish","hentry"],"yoast_head":"<!-- This site is optimized with the Yoast SEO plugin v27.4 - https:\/\/yoast.com\/product\/yoast-seo-wordpress\/ -->\n<title>Legal Notice | solal Renov<\/title>\n<meta name=\"robots\" content=\"index, follow, max-snippet:-1, max-image-preview:large, max-video-preview:-1\" \/>\n<link rel=\"canonical\" href=\"https:\/\/solalrenov.com\/en\/legal-notice\/\" \/>\n<meta property=\"og:locale\" content=\"en_US\" \/>\n<meta property=\"og:type\" content=\"article\" \/>\n<meta property=\"og:title\" content=\"Legal Notice | solal Renov\" \/>\n<meta property=\"og:description\" content=\"Mentions l\u00e9gales Home Derni\u00e8re mise \u00e0 jour\u00a0: 26\/09\/2025 1. Informations sur l&rsquo;entreprise Site web:\u00a0www.solalrenov.com Nom de l&rsquo;entreprise:\u00a0Solal Renov Adresse: 58 avenue de Wagram 75017 Paris E-mail:\u00a0contact@solalrenov.com Num\u00e9ro de t\u00e9l\u00e9phone:\u00a00189316432 PDG&hellip;\" \/>\n<meta property=\"og:url\" content=\"https:\/\/solalrenov.com\/en\/legal-notice\/\" \/>\n<meta property=\"og:site_name\" content=\"solal Renov\" \/>\n<meta property=\"article:modified_time\" content=\"2025-10-15T08:18:09+00:00\" \/>\n<meta property=\"og:image\" content=\"https:\/\/solalrenov.com\/wp-content\/uploads\/2025\/12\/cropped-Group-2-1.png\" \/>\n\t<meta property=\"og:image:width\" content=\"512\" \/>\n\t<meta property=\"og:image:height\" content=\"512\" \/>\n\t<meta property=\"og:image:type\" content=\"image\/png\" \/>\n<meta name=\"twitter:card\" content=\"summary_large_image\" \/>\n<meta name=\"twitter:label1\" content=\"Est. reading time\" \/>\n\t<meta name=\"twitter:data1\" content=\"2 minutes\" \/>\n<script type=\"application\/ld+json\" class=\"yoast-schema-graph\">{\"@context\":\"https:\\\/\\\/schema.org\",\"@graph\":[{\"@type\":\"WebPage\",\"@id\":\"https:\\\/\\\/solalrenov.com\\\/legal-notice\\\/\",\"url\":\"https:\\\/\\\/solalrenov.com\\\/legal-notice\\\/\",\"name\":\"Legal Notice | solal Renov\",\"isPartOf\":{\"@id\":\"https:\\\/\\\/solalrenov.com\\\/#website\"},\"datePublished\":\"2025-09-26T10:23:44+00:00\",\"dateModified\":\"2025-10-15T08:18:09+00:00\",\"breadcrumb\":{\"@id\":\"https:\\\/\\\/solalrenov.com\\\/legal-notice\\\/#breadcrumb\"},\"inLanguage\":\"en-US\",\"potentialAction\":[{\"@type\":\"ReadAction\",\"target\":[\"https:\\\/\\\/solalrenov.com\\\/legal-notice\\\/\"]}]},{\"@type\":\"BreadcrumbList\",\"@id\":\"https:\\\/\\\/solalrenov.com\\\/legal-notice\\\/#breadcrumb\",\"itemListElement\":[{\"@type\":\"ListItem\",\"position\":1,\"name\":\"Home\",\"item\":\"https:\\\/\\\/solalrenov.com\\\/\"},{\"@type\":\"ListItem\",\"position\":2,\"name\":\"Legal Notice\"}]},{\"@type\":\"WebSite\",\"@id\":\"https:\\\/\\\/solalrenov.com\\\/#website\",\"url\":\"https:\\\/\\\/solalrenov.com\\\/\",\"name\":\"SolalRenov\",\"description\":\"R\u00e9novation de Maison\",\"publisher\":{\"@id\":\"https:\\\/\\\/solalrenov.com\\\/#organization\"},\"alternateName\":\"SolalRenov\",\"potentialAction\":[{\"@type\":\"SearchAction\",\"target\":{\"@type\":\"EntryPoint\",\"urlTemplate\":\"https:\\\/\\\/solalrenov.com\\\/?s={search_term_string}\"},\"query-input\":{\"@type\":\"PropertyValueSpecification\",\"valueRequired\":true,\"valueName\":\"search_term_string\"}}],\"inLanguage\":\"en-US\"},{\"@type\":\"Organization\",\"@id\":\"https:\\\/\\\/solalrenov.com\\\/#organization\",\"name\":\"SolalRenov\",\"url\":\"https:\\\/\\\/solalrenov.com\\\/\",\"logo\":{\"@type\":\"ImageObject\",\"inLanguage\":\"en-US\",\"@id\":\"https:\\\/\\\/solalrenov.com\\\/#\\\/schema\\\/logo\\\/image\\\/\",\"url\":\"https:\\\/\\\/solalrenov.com\\\/wp-content\\\/uploads\\\/2025\\\/09\\\/cropped-Solal-Renov-Main-Logo-Darkpng.png\",\"contentUrl\":\"https:\\\/\\\/solalrenov.com\\\/wp-content\\\/uploads\\\/2025\\\/09\\\/cropped-Solal-Renov-Main-Logo-Darkpng.png\",\"width\":929,\"height\":842,\"caption\":\"SolalRenov\"},\"image\":{\"@id\":\"https:\\\/\\\/solalrenov.com\\\/#\\\/schema\\\/logo\\\/image\\\/\"}}]}<\/script>\n<!-- \/ Yoast SEO plugin. -->","yoast_head_json":{"title":"Legal Notice | Solal Renov","robots":{"index":"index","follow":"follow","max-snippet":"max-snippet:-1","max-image-preview":"max-image-preview:large","max-video-preview":"max-video-preview:-1"},"canonical":"https:\/\/solalrenov.com\/en\/legal-notice\/","og_locale":"en_US","og_type":"article","og_title":"Legal Notice | solal Renov","og_description":"Mentions l\u00e9gales Home Derni\u00e8re mise \u00e0 jour\u00a0: 26\/09\/2025 1. Informations sur l&rsquo;entreprise Site web:\u00a0www.solalrenov.com Nom de l&rsquo;entreprise:\u00a0Solal Renov Adresse: 58 avenue de Wagram 75017 Paris E-mail:\u00a0contact@solalrenov.com Num\u00e9ro de t\u00e9l\u00e9phone:\u00a00189316432 PDG&hellip;","og_url":"https:\/\/solalrenov.com\/en\/legal-notice\/","og_site_name":"solal Renov","article_modified_time":"2025-10-15T08:18:09+00:00","og_image":[{"width":512,"height":512,"url":"https:\/\/solalrenov.com\/wp-content\/uploads\/2025\/12\/cropped-Group-2-1.png","type":"image\/png"}],"twitter_card":"summary_large_image","twitter_misc":{"Est. reading time":"2 minutes"},"schema":{"@context":"https:\/\/schema.org","@graph":[{"@type":"WebPage","@id":"https:\/\/solalrenov.com\/legal-notice\/","url":"https:\/\/solalrenov.com\/legal-notice\/","name":"Legal Notice | Solal Renov","isPartOf":{"@id":"https:\/\/solalrenov.com\/#website"},"datePublished":"2025-09-26T10:23:44+00:00","dateModified":"2025-10-15T08:18:09+00:00","breadcrumb":{"@id":"https:\/\/solalrenov.com\/legal-notice\/#breadcrumb"},"inLanguage":"en-US","potentialAction":[{"@type":"ReadAction","target":["https:\/\/solalrenov.com\/legal-notice\/"]}]},{"@type":"BreadcrumbList","@id":"https:\/\/solalrenov.com\/legal-notice\/#breadcrumb","itemListElement":[{"@type":"ListItem","position":1,"name":"Home","item":"https:\/\/solalrenov.com\/"},{"@type":"ListItem","position":2,"name":"Legal Notice"}]},{"@type":"WebSite","@id":"https:\/\/solalrenov.com\/#website","url":"https:\/\/solalrenov.com\/","name":"SolalRenov","description":"House Renovation","publisher":{"@id":"https:\/\/solalrenov.com\/#organization"},"alternateName":"SolalRenov","potentialAction":[{"@type":"SearchAction","target":{"@type":"EntryPoint","urlTemplate":"https:\/\/solalrenov.com\/?s={search_term_string}"},"query-input":{"@type":"PropertyValueSpecification","valueRequired":true,"valueName":"search_term_string"}}],"inLanguage":"en-US"},{"@type":"Organization","@id":"https:\/\/solalrenov.com\/#organization","name":"SolalRenov","url":"https:\/\/solalrenov.com\/","logo":{"@type":"ImageObject","inLanguage":"en-US","@id":"https:\/\/solalrenov.com\/#\/schema\/logo\/image\/","url":"https:\/\/solalrenov.com\/wp-content\/uploads\/2025\/09\/cropped-Solal-Renov-Main-Logo-Darkpng.png","contentUrl":"https:\/\/solalrenov.com\/wp-content\/uploads\/2025\/09\/cropped-Solal-Renov-Main-Logo-Darkpng.png","width":929,"height":842,"caption":"SolalRenov"},"image":{"@id":"https:\/\/solalrenov.com\/#\/schema\/logo\/image\/"}}]}},"_links":{"self":[{"href":"https:\/\/solalrenov.com\/en\/wp-json\/wp\/v2\/pages\/22611","targetHints":{"allow":["GET"]}}],"collection":[{"href":"https:\/\/solalrenov.com\/en\/wp-json\/wp\/v2\/pages"}],"about":[{"href":"https:\/\/solalrenov.com\/en\/wp-json\/wp\/v2\/types\/page"}],"author":[{"embeddable":true,"href":"https:\/\/solalrenov.com\/en\/wp-json\/wp\/v2\/users\/4"}],"replies":[{"embeddable":true,"href":"https:\/\/solalrenov.com\/en\/wp-json\/wp\/v2\/comments?post=22611"}],"version-history":[{"count":24,"href":"https:\/\/solalrenov.com\/en\/wp-json\/wp\/v2\/pages\/22611\/revisions"}],"predecessor-version":[{"id":23171,"href":"https:\/\/solalrenov.com\/en\/wp-json\/wp\/v2\/pages\/22611\/revisions\/23171"}],"wp:attachment":[{"href":"https:\/\/solalrenov.com\/en\/wp-json\/wp\/v2\/media?parent=22611"}],"curies":[{"name":"wp","href":"https:\/\/api.w.org\/{rel}","templated":true}]}}