{"id":22607,"date":"2025-09-26T10:12:52","date_gmt":"2025-09-26T10:12:52","guid":{"rendered":"https:\/\/solalrenov.com\/?page_id=22607"},"modified":"2025-10-15T08:02:25","modified_gmt":"2025-10-15T08:02:25","slug":"terms-and-conditions","status":"publish","type":"page","link":"https:\/\/solalrenov.com\/en\/terms-and-conditions\/","title":{"rendered":"Terms and Conditions"},"content":{"rendered":"<div data-elementor-type=\"wp-page\" data-elementor-id=\"22607\" class=\"elementor elementor-22607\">\n\t\t\t\t\t\t<section class=\"elementor-section elementor-top-section elementor-element elementor-element-2d929ee elementor-section-stretched elementor-section-boxed elementor-section-height-default elementor-section-height-default sc_fly_static\" data-id=\"2d929ee\" data-element_type=\"section\" data-e-type=\"section\" data-settings=\"{&quot;background_background&quot;:&quot;classic&quot;,&quot;stretch_section&quot;:&quot;section-stretched&quot;}\">\n\t\t\t\t\t\t\t<div class=\"elementor-background-overlay\"><\/div>\n\t\t\t\t\t\t\t<div class=\"elementor-container elementor-column-gap-extended\">\n\t\t\t\t\t<div class=\"elementor-column elementor-col-100 elementor-top-column elementor-element elementor-element-65a2f7f sc_content_align_inherit sc_layouts_column_icons_position_left sc_fly_static\" data-id=\"65a2f7f\" data-element_type=\"column\" data-e-type=\"column\">\n\t\t\t<div class=\"elementor-widget-wrap elementor-element-populated\">\n\t\t\t\t\t\t<div class=\"elementor-element elementor-element-b5f5a3f sc_height_huge de_scroll_animation_no sc_fly_static elementor-widget elementor-widget-spacer\" data-id=\"b5f5a3f\" data-element_type=\"widget\" data-e-type=\"widget\" data-widget_type=\"spacer.default\">\n\t\t\t\t<div class=\"elementor-widget-container\">\n\t\t\t\t\t\t\t<div class=\"elementor-spacer\">\n\t\t\t<div class=\"elementor-spacer-inner\"><\/div>\n\t\t<\/div>\n\t\t\t\t\t\t<\/div>\n\t\t\t\t<\/div>\n\t\t\t\t<div class=\"elementor-element elementor-element-d810a01 de_scroll_animation_no sc_fly_static elementor-widget elementor-widget-trx_sc_title\" data-id=\"d810a01\" data-element_type=\"widget\" data-e-type=\"widget\" data-widget_type=\"trx_sc_title.default\">\n\t\t\t\t<div class=\"elementor-widget-container\">\n\t\t\t\t\t<div\t\tclass=\"sc_title sc_title_default\" ><h1 class=\"sc_item_title sc_title_title sc_align_center sc_item_title_style_default sc_item_title_tag trx_addons_inline_874792886\"\n\t\t\t><span class=\"sc_item_title_text\">Terms and Conditions\n<\/span><\/h1><\/div>\t\t\t\t<\/div>\n\t\t\t\t<\/div>\n\t\t\t\t<div class=\"elementor-element elementor-element-7763583 de_scroll_animation_no sc_fly_static elementor-widget elementor-widget-spacer\" data-id=\"7763583\" data-element_type=\"widget\" data-e-type=\"widget\" data-widget_type=\"spacer.default\">\n\t\t\t\t<div class=\"elementor-widget-container\">\n\t\t\t\t\t\t\t<div class=\"elementor-spacer\">\n\t\t\t<div class=\"elementor-spacer-inner\"><\/div>\n\t\t<\/div>\n\t\t\t\t\t\t<\/div>\n\t\t\t\t<\/div>\n\t\t\t\t<div class=\"elementor-element elementor-element-12fc307 sc_height_huge de_scroll_animation_no sc_fly_static elementor-widget elementor-widget-spacer\" data-id=\"12fc307\" data-element_type=\"widget\" data-e-type=\"widget\" data-widget_type=\"spacer.default\">\n\t\t\t\t<div class=\"elementor-widget-container\">\n\t\t\t\t\t\t\t<div class=\"elementor-spacer\">\n\t\t\t<div class=\"elementor-spacer-inner\"><\/div>\n\t\t<\/div>\n\t\t\t\t\t\t<\/div>\n\t\t\t\t<\/div>\n\t\t\t\t\t<\/div>\n\t\t<\/div>\n\t\t\t\t\t<\/div>\n\t\t<\/section>\n\t\t\t\t<section class=\"elementor-section elementor-top-section elementor-element elementor-element-9b8bd5d elementor-section-content-middle elementor-section-stretched elementor-section-boxed elementor-section-height-default elementor-section-height-default sc_fly_static\" data-id=\"9b8bd5d\" data-element_type=\"section\" data-e-type=\"section\" data-settings=\"{&quot;stretch_section&quot;:&quot;section-stretched&quot;,&quot;background_background&quot;:&quot;classic&quot;}\">\n\t\t\t\t\t\t<div class=\"elementor-container elementor-column-gap-extended\">\n\t\t\t\t\t<div class=\"elementor-column elementor-col-100 elementor-top-column elementor-element elementor-element-658ab5e sc_content_align_inherit sc_layouts_column_icons_position_left sc_fly_static\" data-id=\"658ab5e\" data-element_type=\"column\" data-e-type=\"column\">\n\t\t\t<div class=\"elementor-widget-wrap elementor-element-populated\">\n\t\t\t\t\t\t<div class=\"elementor-element elementor-element-1c0cd1c hero-breadcrums-bottom de_scroll_animation_no sc_fly_static elementor-widget elementor-widget-de-breadcrumb\" data-id=\"1c0cd1c\" data-element_type=\"widget\" data-e-type=\"widget\" data-widget_type=\"de-breadcrumb.default\">\n\t\t\t\t<div class=\"elementor-widget-container\">\n\t\t\t\t\t\t\t\t<div class=\"breadcrumbs\">\n\t\t\t\t<a href=\"https:\/\/solalrenov.com\/en\" rel=\"nofollow\">Home<\/a>\t\t\t<\/div>\n\t\t\t\t\t\t<\/div>\n\t\t\t\t<\/div>\n\t\t\t\t\t<\/div>\n\t\t<\/div>\n\t\t\t\t\t<\/div>\n\t\t<\/section>\n\t\t\t\t<section class=\"elementor-section elementor-top-section elementor-element elementor-element-2b1184b0 elementor-section-boxed elementor-section-height-default elementor-section-height-default sc_fly_static\" data-id=\"2b1184b0\" data-element_type=\"section\" data-e-type=\"section\" data-settings=\"{&quot;background_background&quot;:&quot;classic&quot;}\">\n\t\t\t\t\t\t<div class=\"elementor-container elementor-column-gap-extended\">\n\t\t\t\t\t<div class=\"elementor-column elementor-col-100 elementor-top-column elementor-element elementor-element-153e1c19 sc_content_align_inherit sc_layouts_column_icons_position_left sc_fly_static\" data-id=\"153e1c19\" data-element_type=\"column\" data-e-type=\"column\">\n\t\t\t<div class=\"elementor-widget-wrap elementor-element-populated\">\n\t\t\t\t\t\t<div class=\"elementor-element elementor-element-54db29de de_scroll_animation_no sc_fly_static elementor-widget elementor-widget-text-editor\" data-id=\"54db29de\" data-element_type=\"widget\" data-e-type=\"widget\" data-widget_type=\"text-editor.default\">\n\t\t\t\t<div class=\"elementor-widget-container\">\n\t\t\t\t\t\t\t\t\t<h5>Last updated: 09\/26\/2025<\/h5><h3><b>1. Introduction<\/b><\/h3><p style=\"font-family: 'DM Sans', sans-serif; font-size: 18px; line-height: inherit; font-weight: 400; font-style: normal; margin-top: 0px; margin-bottom: 28.26px; color: #5c6164; letter-spacing: 0.1px;\"><span style=\"font-size: 18px; font-weight: 400;\">Welcome to\u00a0<\/span><b>Solal Renov<\/b><span style=\"font-size: 18px; font-weight: 400;\">By accessing or using our website and services, you agree to comply with these Terms and Conditions. Please read them carefully.<\/span><\/p><hr \/><h3><b>2. Scope of Services<\/b><\/h3><p style=\"font-family: 'DM Sans', sans-serif; font-size: 18px; line-height: inherit; font-weight: 400; font-style: normal; margin-top: 0px; margin-bottom: 28.26px; letter-spacing: 0.1px;\"><span style=\"font-size: 18px; font-weight: 400;\">Solal Renov offers:<\/span><\/p><ul><li style=\"font-size: 18px; font-weight: 400;\" aria-level=\"1\"><span style=\"font-size: 18px; font-weight: 400;\">Complete Home Improvement Services<\/span><\/li><li style=\"font-size: 18px; font-weight: 400;\" aria-level=\"1\"><span style=\"font-size: 18px; font-weight: 400;\">Energy renovation solutions (heat pumps, insulation, solar panels, windows, etc.)<\/span><\/li><li style=\"font-size: 18px; font-weight: 400;\" aria-level=\"1\"><span style=\"font-size: 18px; font-weight: 400;\">Financial support and guidance through government grants and lending partners<\/span><\/li><\/ul><div><span style=\"font-size: 18px;\">\u00a0<\/span><\/div><p style=\"font-family: 'DM Sans', sans-serif; font-size: 18px; line-height: inherit; font-weight: 400; font-style: normal; margin-top: 0px; margin-bottom: 28.26px; letter-spacing: 0.1px;\"><span style=\"font-size: 18px; font-weight: 400;\">Our role is to connect clients with certified professionals, financing providers and relevant solutions.<\/span><\/p><h3><b>3. Quotes &amp; Estimates<\/b><\/h3><ul><li style=\"font-size: 18px; font-weight: 400;\" aria-level=\"1\"><span style=\"font-size: 18px; font-weight: 400;\">All quotes provided are\u00a0<\/span><b>indicative<\/b><span style=\"font-size: 18px; font-weight: 400;\">\u00a0until a final agreement is signed.<\/span><\/li><li style=\"font-size: 18px; font-weight: 400;\" aria-level=\"1\"><span style=\"font-size: 18px; font-weight: 400;\">Prices may vary depending on material costs, project complexity and site conditions.<\/span><\/li><li style=\"font-size: 18px; font-weight: 400;\" aria-level=\"1\"><span style=\"font-size: 18px; font-weight: 400;\">Quotes are valid for a limited period (specified in each proposal).<\/span><\/li><\/ul><hr \/><h3><b>4. Client Responsibilities<\/b><\/h3><p style=\"font-family: 'DM Sans', sans-serif; font-size: 18px; line-height: inherit; font-weight: 400; font-style: normal; margin-top: 0px; margin-bottom: 28.26px; letter-spacing: 0.1px;\"><span style=\"font-size: 18px; font-weight: 400;\">Clients agree to:<\/span><\/p><ul><li style=\"font-size: 18px; font-weight: 400;\" aria-level=\"1\"><span style=\"font-size: 18px; font-weight: 400;\">Provide accurate information about the project and property details.<\/span><\/li><li style=\"font-size: 18px; font-weight: 400;\" aria-level=\"1\"><span style=\"font-size: 18px; font-weight: 400;\">Obtain all necessary permits or authorizations (unless otherwise agreed).<\/span><\/li><li style=\"font-size: 18px; font-weight: 400;\" aria-level=\"1\"><span style=\"font-size: 18px; font-weight: 400;\">Ensure safe access to the property for our team and partners.<\/span><\/li><\/ul><h3><b>5. Payments &amp; Financing<\/b><\/h3><ul><li style=\"font-size: 18px; font-weight: 400;\" aria-level=\"1\"><span style=\"font-size: 18px; font-weight: 400;\">Payment terms will be described in your individual contract.<\/span><\/li><li style=\"font-size: 18px; font-weight: 400;\" aria-level=\"1\"><span style=\"font-size: 18px; font-weight: 400;\">For financing solutions (e.g. Ma Prime R\u00e9nov, CEE, loans), Solal Renov supports you by advising you but is\u00a0<\/span><b>not responsible<\/b><span style=\"font-size: 18px; font-weight: 400;\">\u00a0for approval decisions made by third-party providers.<\/span><\/li><li style=\"font-size: 18px; font-weight: 400;\" aria-level=\"1\"><span style=\"font-size: 18px; font-weight: 400;\">Customers remain responsible for compliance with financing agreements.<\/span><\/li><\/ul><h3><b>6. Cancellations &amp; Modifications<\/b><\/h3><ul><li style=\"font-size: 18px; font-weight: 400;\" aria-level=\"1\"><span style=\"font-size: 18px; font-weight: 400;\">Project cancellations must be communicated in writing.<\/span><\/li><li style=\"font-size: 18px; font-weight: 400;\" aria-level=\"1\"><span style=\"font-size: 18px; font-weight: 400;\">Fees may apply depending on the progress of the work.<\/span><\/li><li style=\"font-size: 18px; font-weight: 400;\" aria-level=\"1\"><span style=\"font-size: 18px; font-weight: 400;\">Changes to the scope of work will require a revised agreement and may affect project timelines and costs.<\/span><\/li><\/ul><h3><b>7. Liability &amp; Warranties<\/b><\/h3><ul><li style=\"font-size: 18px; font-weight: 400;\" aria-level=\"1\"><span style=\"font-size: 18px; font-weight: 400;\">Solal Renov ensures that all renovation work is carried out by certified and qualified professionals.<\/span><\/li><li style=\"font-size: 18px; font-weight: 400;\" aria-level=\"1\"><span style=\"font-size: 18px; font-weight: 400;\">While we strive for accuracy, we are not responsible for delays or additional costs caused by unforeseen circumstances (e.g., weather, supply chain issues).<\/span><\/li><li style=\"font-size: 18px; font-weight: 400;\" aria-level=\"1\"><span style=\"font-size: 18px; font-weight: 400;\">Warranties on materials and installations are provided by manufacturers and installers, as specified in your contract.<\/span><\/li><\/ul><hr \/><h3><b>8. Website Use<\/b><\/h3><ul><li style=\"font-size: 18px; font-weight: 400;\" aria-level=\"1\"><span style=\"font-size: 18px; font-weight: 400;\">The content of this website is provided for informational purposes only and may not be copied or reproduced without permission.<\/span><\/li><li style=\"font-size: 18px; font-weight: 400;\" aria-level=\"1\"><span style=\"font-size: 18px; font-weight: 400;\">We reserve the right to update or change the content of the website, including prices, services and conditions, without prior notice.<\/span><\/li><\/ul><h3><b>9. Privacy &amp; Data Protection<\/b><\/h3><p><span style=\"font-family: 'DM Sans', sans-serif; font-size: 18px; font-style: normal; font-weight: 400; letter-spacing: 0.1px;\">All personal data collected is processed in accordance with our Privacy Policy. By using our services, you consent to the collection and processing of your information in accordance with this Policy.<\/span><\/p><h3><b>10. Governing Law<\/b><\/h3><p>\u00a0<\/p><p><span style=\"font-family: 'DM Sans', sans-serif; font-size: 18px; font-style: normal; font-weight: 400; letter-spacing: 0.1px;\">These General Conditions are governed by and interpreted in accordance with French law. Any dispute will be subject to the exclusive jurisdiction of the French courts.<\/span><\/p><h3><b>11. Contact us<\/b><\/h3><p style=\"font-family: 'DM Sans', sans-serif; font-size: 18px; line-height: inherit; font-weight: 400; font-style: normal; margin-top: 0px; margin-bottom: 28.26px; letter-spacing: 0.1px;\"><span style=\"font-size: 18px; font-weight: 400;\">If you have any questions about these terms and conditions, please contact us:<\/span><\/p><p style=\"font-family: 'DM Sans', sans-serif; font-size: 18px; line-height: inherit; font-weight: 400; font-style: normal; margin-top: 0px; margin-bottom: 28.26px; letter-spacing: 0.1px;\"><b>Phone:<\/b><a style=\"font-size: 18px; color: #fdac2b; transition-property: all;\" href=\"tel:0189316432\">\u00a00189316432<\/a><\/p><p style=\"font-family: 'DM Sans', sans-serif; font-size: 18px; line-height: inherit; font-weight: 400; font-style: normal; margin-top: 0px; margin-bottom: 28.26px; letter-spacing: 0.1px;\"><strong style=\"font-size: 18px;\">E-mail<\/strong>:\u00a0<a style=\"font-size: 18px; color: #fdac2b; transition-property: all;\" href=\"mailto:privacy@solalrenov.com\">privacy@solalrenov.com<\/a><\/p><p style=\"font-family: 'DM Sans', sans-serif; font-size: 18px; line-height: inherit; font-weight: 400; font-style: normal; margin-top: 0px; margin-bottom: 0px; letter-spacing: 0.1px;\"><strong style=\"font-size: 18px;\">Address<\/strong>: 58 avenue de Wagram 75017 Paris<\/p>\t\t\t\t\t\t\t\t<\/div>\n\t\t\t\t<\/div>\n\t\t\t\t\t<\/div>\n\t\t<\/div>\n\t\t\t\t\t<\/div>\n\t\t<\/section>\n\t\t\t\t<\/div>","protected":false},"excerpt":{"rendered":"<p>Termes et conditions Home Derni\u00e8re mise \u00e0 jour\u00a0: 26\/09\/2025 1. Introduction Bienvenue \u00e0\u00a0Solal RenovEn acc\u00e9dant \u00e0 notre site web et \u00e0 nos services ou en les utilisant, vous acceptez de&hellip;<\/p>","protected":false},"author":4,"featured_media":0,"parent":0,"menu_order":0,"comment_status":"closed","ping_status":"closed","template":"","meta":{"content-type":"","inline_featured_image":false,"footnotes":""},"class_list":["post-22607","page","type-page","status-publish","hentry"],"yoast_head":"<!-- This site is optimized with the Yoast SEO plugin v27.4 - https:\/\/yoast.com\/product\/yoast-seo-wordpress\/ -->\n<title>Terms and Conditions | solal Renov<\/title>\n<meta name=\"robots\" content=\"index, follow, max-snippet:-1, max-image-preview:large, max-video-preview:-1\" \/>\n<link rel=\"canonical\" href=\"https:\/\/solalrenov.com\/en\/terms-and-conditions\/\" \/>\n<meta property=\"og:locale\" content=\"en_US\" \/>\n<meta property=\"og:type\" content=\"article\" \/>\n<meta property=\"og:title\" content=\"Terms and Conditions | solal Renov\" \/>\n<meta property=\"og:description\" content=\"Termes et conditions Home Derni\u00e8re mise \u00e0 jour\u00a0: 26\/09\/2025 1. Introduction Bienvenue \u00e0\u00a0Solal RenovEn acc\u00e9dant \u00e0 notre site web et \u00e0 nos services ou en les utilisant, vous acceptez de&hellip;\" \/>\n<meta property=\"og:url\" content=\"https:\/\/solalrenov.com\/en\/terms-and-conditions\/\" \/>\n<meta property=\"og:site_name\" content=\"solal Renov\" \/>\n<meta property=\"article:modified_time\" content=\"2025-10-15T08:02:25+00:00\" \/>\n<meta property=\"og:image\" content=\"https:\/\/solalrenov.com\/wp-content\/uploads\/2025\/12\/cropped-Group-2-1.png\" \/>\n\t<meta property=\"og:image:width\" content=\"512\" \/>\n\t<meta property=\"og:image:height\" content=\"512\" \/>\n\t<meta property=\"og:image:type\" content=\"image\/png\" \/>\n<meta name=\"twitter:card\" content=\"summary_large_image\" \/>\n<meta name=\"twitter:label1\" content=\"Est. reading time\" \/>\n\t<meta name=\"twitter:data1\" content=\"3 minutes\" \/>\n<script type=\"application\/ld+json\" class=\"yoast-schema-graph\">{\"@context\":\"https:\\\/\\\/schema.org\",\"@graph\":[{\"@type\":\"WebPage\",\"@id\":\"https:\\\/\\\/solalrenov.com\\\/terms-and-conditions\\\/\",\"url\":\"https:\\\/\\\/solalrenov.com\\\/terms-and-conditions\\\/\",\"name\":\"Terms and Conditions | solal Renov\",\"isPartOf\":{\"@id\":\"https:\\\/\\\/solalrenov.com\\\/#website\"},\"datePublished\":\"2025-09-26T10:12:52+00:00\",\"dateModified\":\"2025-10-15T08:02:25+00:00\",\"breadcrumb\":{\"@id\":\"https:\\\/\\\/solalrenov.com\\\/terms-and-conditions\\\/#breadcrumb\"},\"inLanguage\":\"en-US\",\"potentialAction\":[{\"@type\":\"ReadAction\",\"target\":[\"https:\\\/\\\/solalrenov.com\\\/terms-and-conditions\\\/\"]}]},{\"@type\":\"BreadcrumbList\",\"@id\":\"https:\\\/\\\/solalrenov.com\\\/terms-and-conditions\\\/#breadcrumb\",\"itemListElement\":[{\"@type\":\"ListItem\",\"position\":1,\"name\":\"Home\",\"item\":\"https:\\\/\\\/solalrenov.com\\\/\"},{\"@type\":\"ListItem\",\"position\":2,\"name\":\"Terms and Conditions\"}]},{\"@type\":\"WebSite\",\"@id\":\"https:\\\/\\\/solalrenov.com\\\/#website\",\"url\":\"https:\\\/\\\/solalrenov.com\\\/\",\"name\":\"SolalRenov\",\"description\":\"R\u00e9novation de Maison\",\"publisher\":{\"@id\":\"https:\\\/\\\/solalrenov.com\\\/#organization\"},\"alternateName\":\"SolalRenov\",\"potentialAction\":[{\"@type\":\"SearchAction\",\"target\":{\"@type\":\"EntryPoint\",\"urlTemplate\":\"https:\\\/\\\/solalrenov.com\\\/?s={search_term_string}\"},\"query-input\":{\"@type\":\"PropertyValueSpecification\",\"valueRequired\":true,\"valueName\":\"search_term_string\"}}],\"inLanguage\":\"en-US\"},{\"@type\":\"Organization\",\"@id\":\"https:\\\/\\\/solalrenov.com\\\/#organization\",\"name\":\"SolalRenov\",\"url\":\"https:\\\/\\\/solalrenov.com\\\/\",\"logo\":{\"@type\":\"ImageObject\",\"inLanguage\":\"en-US\",\"@id\":\"https:\\\/\\\/solalrenov.com\\\/#\\\/schema\\\/logo\\\/image\\\/\",\"url\":\"https:\\\/\\\/solalrenov.com\\\/wp-content\\\/uploads\\\/2025\\\/09\\\/cropped-Solal-Renov-Main-Logo-Darkpng.png\",\"contentUrl\":\"https:\\\/\\\/solalrenov.com\\\/wp-content\\\/uploads\\\/2025\\\/09\\\/cropped-Solal-Renov-Main-Logo-Darkpng.png\",\"width\":929,\"height\":842,\"caption\":\"SolalRenov\"},\"image\":{\"@id\":\"https:\\\/\\\/solalrenov.com\\\/#\\\/schema\\\/logo\\\/image\\\/\"}}]}<\/script>\n<!-- \/ Yoast SEO plugin. -->","yoast_head_json":{"title":"Terms and Conditions | solal Renov","robots":{"index":"index","follow":"follow","max-snippet":"max-snippet:-1","max-image-preview":"max-image-preview:large","max-video-preview":"max-video-preview:-1"},"canonical":"https:\/\/solalrenov.com\/en\/terms-and-conditions\/","og_locale":"en_US","og_type":"article","og_title":"Terms and Conditions | solal Renov","og_description":"Termes et conditions Home Derni\u00e8re mise \u00e0 jour\u00a0: 26\/09\/2025 1. Introduction Bienvenue \u00e0\u00a0Solal RenovEn acc\u00e9dant \u00e0 notre site web et \u00e0 nos services ou en les utilisant, vous acceptez de&hellip;","og_url":"https:\/\/solalrenov.com\/en\/terms-and-conditions\/","og_site_name":"solal Renov","article_modified_time":"2025-10-15T08:02:25+00:00","og_image":[{"width":512,"height":512,"url":"https:\/\/solalrenov.com\/wp-content\/uploads\/2025\/12\/cropped-Group-2-1.png","type":"image\/png"}],"twitter_card":"summary_large_image","twitter_misc":{"Est. reading time":"3 minutes"},"schema":{"@context":"https:\/\/schema.org","@graph":[{"@type":"WebPage","@id":"https:\/\/solalrenov.com\/terms-and-conditions\/","url":"https:\/\/solalrenov.com\/terms-and-conditions\/","name":"Terms and Conditions | solal Renov","isPartOf":{"@id":"https:\/\/solalrenov.com\/#website"},"datePublished":"2025-09-26T10:12:52+00:00","dateModified":"2025-10-15T08:02:25+00:00","breadcrumb":{"@id":"https:\/\/solalrenov.com\/terms-and-conditions\/#breadcrumb"},"inLanguage":"en-US","potentialAction":[{"@type":"ReadAction","target":["https:\/\/solalrenov.com\/terms-and-conditions\/"]}]},{"@type":"BreadcrumbList","@id":"https:\/\/solalrenov.com\/terms-and-conditions\/#breadcrumb","itemListElement":[{"@type":"ListItem","position":1,"name":"Home","item":"https:\/\/solalrenov.com\/"},{"@type":"ListItem","position":2,"name":"Terms and Conditions"}]},{"@type":"WebSite","@id":"https:\/\/solalrenov.com\/#website","url":"https:\/\/solalrenov.com\/","name":"SolalRenov","description":"House Renovation","publisher":{"@id":"https:\/\/solalrenov.com\/#organization"},"alternateName":"SolalRenov","potentialAction":[{"@type":"SearchAction","target":{"@type":"EntryPoint","urlTemplate":"https:\/\/solalrenov.com\/?s={search_term_string}"},"query-input":{"@type":"PropertyValueSpecification","valueRequired":true,"valueName":"search_term_string"}}],"inLanguage":"en-US"},{"@type":"Organization","@id":"https:\/\/solalrenov.com\/#organization","name":"SolalRenov","url":"https:\/\/solalrenov.com\/","logo":{"@type":"ImageObject","inLanguage":"en-US","@id":"https:\/\/solalrenov.com\/#\/schema\/logo\/image\/","url":"https:\/\/solalrenov.com\/wp-content\/uploads\/2025\/09\/cropped-Solal-Renov-Main-Logo-Darkpng.png","contentUrl":"https:\/\/solalrenov.com\/wp-content\/uploads\/2025\/09\/cropped-Solal-Renov-Main-Logo-Darkpng.png","width":929,"height":842,"caption":"SolalRenov"},"image":{"@id":"https:\/\/solalrenov.com\/#\/schema\/logo\/image\/"}}]}},"_links":{"self":[{"href":"https:\/\/solalrenov.com\/en\/wp-json\/wp\/v2\/pages\/22607","targetHints":{"allow":["GET"]}}],"collection":[{"href":"https:\/\/solalrenov.com\/en\/wp-json\/wp\/v2\/pages"}],"about":[{"href":"https:\/\/solalrenov.com\/en\/wp-json\/wp\/v2\/types\/page"}],"author":[{"embeddable":true,"href":"https:\/\/solalrenov.com\/en\/wp-json\/wp\/v2\/users\/4"}],"replies":[{"embeddable":true,"href":"https:\/\/solalrenov.com\/en\/wp-json\/wp\/v2\/comments?post=22607"}],"version-history":[{"count":9,"href":"https:\/\/solalrenov.com\/en\/wp-json\/wp\/v2\/pages\/22607\/revisions"}],"predecessor-version":[{"id":23165,"href":"https:\/\/solalrenov.com\/en\/wp-json\/wp\/v2\/pages\/22607\/revisions\/23165"}],"wp:attachment":[{"href":"https:\/\/solalrenov.com\/en\/wp-json\/wp\/v2\/media?parent=22607"}],"curies":[{"name":"wp","href":"https:\/\/api.w.org\/{rel}","templated":true}]}}