{"id":12954,"date":"2020-08-27T08:23:10","date_gmt":"2020-08-27T08:23:10","guid":{"rendered":"https:\/\/qwery.ancorathemes.com\/?page_id=12954"},"modified":"2026-01-28T09:28:11","modified_gmt":"2026-01-28T09:28:11","slug":"privacy-policy","status":"publish","type":"page","link":"https:\/\/solalrenov.com\/en\/privacy-policy\/","title":{"rendered":"Privacy Policy"},"content":{"rendered":"<div data-elementor-type=\"wp-page\" data-elementor-id=\"12954\" class=\"elementor elementor-12954\">\n\t\t\t\t\t\t<section class=\"elementor-section elementor-top-section elementor-element elementor-element-2d929ee elementor-section-stretched elementor-section-boxed elementor-section-height-default elementor-section-height-default sc_fly_static\" data-id=\"2d929ee\" data-element_type=\"section\" data-e-type=\"section\" data-settings=\"{&quot;background_background&quot;:&quot;classic&quot;,&quot;stretch_section&quot;:&quot;section-stretched&quot;}\">\n\t\t\t\t\t\t\t<div class=\"elementor-background-overlay\"><\/div>\n\t\t\t\t\t\t\t<div class=\"elementor-container elementor-column-gap-extended\">\n\t\t\t\t\t<div class=\"elementor-column elementor-col-100 elementor-top-column elementor-element elementor-element-65a2f7f sc_content_align_inherit sc_layouts_column_icons_position_left sc_fly_static\" data-id=\"65a2f7f\" data-element_type=\"column\" data-e-type=\"column\">\n\t\t\t<div class=\"elementor-widget-wrap elementor-element-populated\">\n\t\t\t\t\t\t<div class=\"elementor-element elementor-element-b5f5a3f sc_height_huge de_scroll_animation_no sc_fly_static elementor-widget elementor-widget-spacer\" data-id=\"b5f5a3f\" data-element_type=\"widget\" data-e-type=\"widget\" data-widget_type=\"spacer.default\">\n\t\t\t\t<div class=\"elementor-widget-container\">\n\t\t\t\t\t\t\t<div class=\"elementor-spacer\">\n\t\t\t<div class=\"elementor-spacer-inner\"><\/div>\n\t\t<\/div>\n\t\t\t\t\t\t<\/div>\n\t\t\t\t<\/div>\n\t\t\t\t<div class=\"elementor-element elementor-element-d810a01 de_scroll_animation_no sc_fly_static elementor-widget elementor-widget-trx_sc_title\" data-id=\"d810a01\" data-element_type=\"widget\" data-e-type=\"widget\" data-widget_type=\"trx_sc_title.default\">\n\t\t\t\t<div class=\"elementor-widget-container\">\n\t\t\t\t\t<div\t\tclass=\"sc_title sc_title_default\" ><h1 class=\"sc_item_title sc_title_title sc_align_center sc_item_title_style_default sc_item_title_tag trx_addons_inline_1812070514\"\n\t\t\t><span class=\"sc_item_title_text\">Privacy Policy\n<\/span><\/h1><\/div>\t\t\t\t<\/div>\n\t\t\t\t<\/div>\n\t\t\t\t<div class=\"elementor-element elementor-element-7763583 de_scroll_animation_no sc_fly_static elementor-widget elementor-widget-spacer\" data-id=\"7763583\" data-element_type=\"widget\" data-e-type=\"widget\" data-widget_type=\"spacer.default\">\n\t\t\t\t<div class=\"elementor-widget-container\">\n\t\t\t\t\t\t\t<div class=\"elementor-spacer\">\n\t\t\t<div class=\"elementor-spacer-inner\"><\/div>\n\t\t<\/div>\n\t\t\t\t\t\t<\/div>\n\t\t\t\t<\/div>\n\t\t\t\t<div class=\"elementor-element elementor-element-12fc307 sc_height_huge de_scroll_animation_no sc_fly_static elementor-widget elementor-widget-spacer\" data-id=\"12fc307\" data-element_type=\"widget\" data-e-type=\"widget\" data-widget_type=\"spacer.default\">\n\t\t\t\t<div class=\"elementor-widget-container\">\n\t\t\t\t\t\t\t<div class=\"elementor-spacer\">\n\t\t\t<div class=\"elementor-spacer-inner\"><\/div>\n\t\t<\/div>\n\t\t\t\t\t\t<\/div>\n\t\t\t\t<\/div>\n\t\t\t\t\t<\/div>\n\t\t<\/div>\n\t\t\t\t\t<\/div>\n\t\t<\/section>\n\t\t\t\t<section class=\"elementor-section elementor-top-section elementor-element elementor-element-9b8bd5d elementor-section-content-middle elementor-section-stretched elementor-section-boxed elementor-section-height-default elementor-section-height-default sc_fly_static\" data-id=\"9b8bd5d\" data-element_type=\"section\" data-e-type=\"section\" data-settings=\"{&quot;stretch_section&quot;:&quot;section-stretched&quot;,&quot;background_background&quot;:&quot;classic&quot;}\">\n\t\t\t\t\t\t<div class=\"elementor-container elementor-column-gap-extended\">\n\t\t\t\t\t<div class=\"elementor-column elementor-col-100 elementor-top-column elementor-element elementor-element-658ab5e sc_content_align_inherit sc_layouts_column_icons_position_left sc_fly_static\" data-id=\"658ab5e\" data-element_type=\"column\" data-e-type=\"column\">\n\t\t\t<div class=\"elementor-widget-wrap elementor-element-populated\">\n\t\t\t\t\t\t<div class=\"elementor-element elementor-element-1c0cd1c hero-breadcrums-bottom de_scroll_animation_no sc_fly_static elementor-widget elementor-widget-de-breadcrumb\" data-id=\"1c0cd1c\" data-element_type=\"widget\" data-e-type=\"widget\" data-widget_type=\"de-breadcrumb.default\">\n\t\t\t\t<div class=\"elementor-widget-container\">\n\t\t\t\t\t\t\t\t<div class=\"breadcrumbs\">\n\t\t\t\t<a href=\"https:\/\/solalrenov.com\/en\" rel=\"nofollow\">Home<\/a>\t\t\t<\/div>\n\t\t\t\t\t\t<\/div>\n\t\t\t\t<\/div>\n\t\t\t\t\t<\/div>\n\t\t<\/div>\n\t\t\t\t\t<\/div>\n\t\t<\/section>\n\t\t\t\t<section class=\"elementor-section elementor-top-section elementor-element elementor-element-2b1184b0 elementor-section-boxed elementor-section-height-default elementor-section-height-default sc_fly_static\" data-id=\"2b1184b0\" data-element_type=\"section\" data-e-type=\"section\" data-settings=\"{&quot;background_background&quot;:&quot;classic&quot;}\">\n\t\t\t\t\t\t<div class=\"elementor-container elementor-column-gap-extended\">\n\t\t\t\t\t<div class=\"elementor-column elementor-col-100 elementor-top-column elementor-element elementor-element-153e1c19 sc_content_align_inherit sc_layouts_column_icons_position_left sc_fly_static\" data-id=\"153e1c19\" data-element_type=\"column\" data-e-type=\"column\">\n\t\t\t<div class=\"elementor-widget-wrap elementor-element-populated\">\n\t\t\t\t\t\t<div class=\"elementor-element elementor-element-54db29de de_scroll_animation_no sc_fly_static elementor-widget elementor-widget-text-editor\" data-id=\"54db29de\" data-element_type=\"widget\" data-e-type=\"widget\" data-widget_type=\"text-editor.default\">\n\t\t\t\t<div class=\"elementor-widget-container\">\n\t\t\t\t\t\t\t\t\t<h3><b>1.\u00a0<\/b><b style=\"font-size: 34.992px;\">Introduction<\/b><\/h3><p style=\"font-family: 'DM Sans', sans-serif; font-size: 18px; line-height: inherit; font-weight: 400; font-style: normal; margin-top: 0px; margin-bottom: 28.26px; letter-spacing: 0.1px;\"><span style=\"font-size: 18px; font-weight: 400;\">At solalRenov, we respect your privacy and are committed to protecting your personal data. This privacy policy explains what information we collect, how we use it, and your rights under applicable data protection laws, including the <\/span><b>General Data Protection Regulation (GDPR).<\/b><\/p><h3 style=\"font-family: 'Hind Madurai', sans-serif; font-size: 34.992px; line-height: 38.0013px; font-weight: 600; font-style: normal; color: #232a34; text-decoration: none; text-transform: none; letter-spacing: normal; margin-top: 40.2408px; margin-bottom: 19.2456px;\"><b>2. Information We Collect<\/b><\/h3><p style=\"font-family: 'DM Sans', sans-serif; font-size: 18px; line-height: inherit; font-weight: 400; font-style: normal; margin-top: 0px; margin-bottom: 28.26px; letter-spacing: 0.1px;\"><span style=\"font-size: 18px; font-weight: 400;\">We may collect and process the following types of information:<\/span><\/p><ul><li style=\"font-size: 18px; font-weight: 400;\" aria-level=\"1\"><b>Personal information:<\/b><span style=\"font-size: 18px; font-weight: 400;\">\u00a0Name, email, phone number, address<\/span><\/li><li style=\"font-size: 18px; font-weight: 400;\" aria-level=\"1\"><b>Project Information:<\/b><span style=\"font-size: 18px; font-weight: 400;\">\u00a0Details you provide when requesting a quote or service<\/span><\/li><li style=\"font-size: 18px; font-weight: 400;\" aria-level=\"1\"><b>Financial information:<\/b><span style=\"font-size: 18px; font-weight: 400;\">\u00a0If applicable, for funding or eligibility checks<\/span><\/li><li style=\"font-size: 18px; font-weight: 400;\" aria-level=\"1\"><b>Website Usage Data:<\/b><span style=\"font-size: 18px; font-weight: 400;\">\u00a0IP address, cookies and browsing behavior<\/span><\/li><li style=\"font-size: 18px; font-weight: 400;\" aria-level=\"1\"><b>Communication recordings:<\/b><span style=\"font-size: 18px; font-weight: 400;\">\u00a0Emails, forms or calls exchanged with our team<\/span><\/li><\/ul><hr \/><h3 style=\"font-family: 'Hind Madurai', sans-serif; font-size: 34.992px; line-height: 38.0013px; font-weight: 600; font-style: normal; color: #232a34; text-decoration: none; text-transform: none; letter-spacing: normal; margin-top: 40.2408px; margin-bottom: 19.2456px;\"><b>3. How We Use Your Information<\/b><\/h3><p style=\"font-family: 'DM Sans', sans-serif; font-size: 18px; line-height: inherit; font-weight: 400; font-style: normal; margin-top: 0px; margin-bottom: 28.26px; letter-spacing: 0.1px;\"><span style=\"font-size: 18px; font-weight: 400;\">Your personal data is used only for transparent and necessary purposes, including:<\/span><\/p><ul><li style=\"font-size: 18px; font-weight: 400;\" aria-level=\"1\"><span style=\"font-size: 18px; font-weight: 400;\">To offer you renovation and energy services tailored to your needs<\/span><\/li><li style=\"font-size: 18px; font-weight: 400;\" aria-level=\"1\"><span style=\"font-size: 18px; font-weight: 400;\">To respond to your inquiries and process quote requests<\/span><\/li><li style=\"font-size: 18px; font-weight: 400;\" aria-level=\"1\"><span style=\"font-size: 18px; font-weight: 400;\">To connect you with certified renovation partners or financing providers<\/span><\/li><li style=\"font-size: 18px; font-weight: 400;\" aria-level=\"1\"><span style=\"font-size: 18px; font-weight: 400;\">To send updates, promotions or relevant blog content (if you have opted in)<\/span><\/li><li style=\"font-size: 18px; font-weight: 400;\" aria-level=\"1\"><span style=\"font-size: 18px; font-weight: 400;\">To comply with legal and regulatory obligations<\/span><\/li><\/ul><hr \/><h3 style=\"font-family: 'Hind Madurai', sans-serif; font-size: 34.992px; line-height: 38.0013px; font-weight: 600; font-style: normal; color: #232a34; text-decoration: none; text-transform: none; letter-spacing: normal; margin-top: 40.2408px; margin-bottom: 19.2456px;\"><b>4. Sharing Your Information<\/b><\/h3><p style=\"font-family: 'DM Sans', sans-serif; font-size: 18px; line-height: inherit; font-weight: 400; font-style: normal; margin-top: 0px; margin-bottom: 28.26px; letter-spacing: 0.1px;\"><span style=\"font-size: 18px; font-weight: 400;\">We only share your information when necessary:<\/span><\/p><ul><li style=\"font-size: 18px; font-weight: 400;\" aria-level=\"1\"><b>Service providers and partners:<\/b><span style=\"font-size: 18px; font-weight: 400;\">\u00a0Trusted tradesmen, installers and finance providers required for your project<\/span><\/li><li style=\"font-size: 18px; font-weight: 400;\" aria-level=\"1\"><b>Legal requirements:<\/b><span style=\"font-size: 18px; font-weight: 400;\">\u00a0If required by law, regulation or government authorities<\/span><\/li><li style=\"font-size: 18px; font-weight: 400;\" aria-level=\"1\"><b>Third-party tools:<\/b><span style=\"font-size: 18px; font-weight: 400;\">\u00a0Website analytics or CRM platforms (GDPR compliant)<\/span><\/li><\/ul><p style=\"font-family: 'DM Sans', sans-serif; font-size: 18px; line-height: inherit; font-weight: 400; font-style: normal; margin-top: 0px; margin-bottom: 28.26px; letter-spacing: 0.1px;\"><span style=\"font-size: 18px; font-weight: 400;\">We do not sell, rent, or trade your personal data.<\/span><\/p><h3 style=\"font-family: 'Hind Madurai', sans-serif; font-size: 34.992px; line-height: 38.0013px; font-weight: 600; font-style: normal; color: #232a34; text-decoration: none; text-transform: none; letter-spacing: normal; margin-top: 40.2408px; margin-bottom: 19.2456px;\"><b>5. Data Retention<\/b><\/h3><h3>\u00a0<\/h3><p style=\"font-family: 'DM Sans', sans-serif; font-size: 18px; line-height: inherit; font-weight: 400; font-style: normal; margin-top: 0px; margin-bottom: 28.26px; letter-spacing: 0.1px;\"><span style=\"font-size: 18px; font-weight: 400;\">We keep your personal data only as long as necessary for the purposes outlined in this Privacy Policy or as required by law.<\/span><\/p><h3 style=\"font-family: 'Hind Madurai', sans-serif; font-size: 34.992px; line-height: 38.0013px; font-weight: 600; font-style: normal; color: #232a34; text-decoration: none; text-transform: none; letter-spacing: normal; margin-top: 40.2408px; margin-bottom: 19.2456px;\"><b>6. Cookies &amp; Tracking<\/b><\/h3><p style=\"font-family: 'DM Sans', sans-serif; font-size: 18px; line-height: inherit; font-weight: 400; font-style: normal; margin-top: 0px; margin-bottom: 28.26px; letter-spacing: 0.1px;\"><span style=\"font-size: 18px; font-weight: 400;\">Our website uses cookies to:<\/span><\/p><ul><li style=\"font-size: 18px; font-weight: 400;\" aria-level=\"1\"><span style=\"font-size: 18px; font-weight: 400;\">Improve user experience<\/span><\/li><li style=\"font-size: 18px; font-weight: 400;\" aria-level=\"1\"><span style=\"font-size: 18px; font-weight: 400;\">Analyze website traffic and performance<\/span><\/li><li style=\"font-size: 18px; font-weight: 400;\" aria-level=\"1\"><span style=\"font-size: 18px; font-weight: 400;\">Personalize content and marketing messages<\/span><\/li><\/ul><p style=\"font-family: 'DM Sans', sans-serif; font-size: 18px; line-height: inherit; font-weight: 400; font-style: normal; margin-top: 0px; margin-bottom: 28.26px; letter-spacing: 0.1px;\"><span style=\"font-size: 18px; font-weight: 400;\">You can manage or disable cookies through your browser settings.<\/span><\/p><h3 style=\"font-family: 'Hind Madurai', sans-serif; font-size: 34.992px; line-height: 38.0013px; font-weight: 600; font-style: normal; color: #232a34; text-decoration: none; text-transform: none; letter-spacing: normal; margin-top: 40.2408px; margin-bottom: 19.2456px;\"><b>7. Your Rights<\/b><\/h3><p style=\"font-family: 'DM Sans', sans-serif; font-size: 18px; line-height: inherit; font-weight: 400; font-style: normal; margin-top: 0px; margin-bottom: 28.26px; letter-spacing: 0.1px;\"><span style=\"font-size: 18px; font-weight: 400;\">Under the GDPR, you have the following rights:<\/span><\/p><ul><li style=\"font-size: 18px; font-weight: 400;\" aria-level=\"1\"><span style=\"font-size: 18px; font-weight: 400;\">Access to the personal data we hold about you<\/span><\/li><li style=\"font-size: 18px; font-weight: 400;\" aria-level=\"1\"><span style=\"font-size: 18px; font-weight: 400;\">Correction of inaccurate or incomplete information<\/span><\/li><li style=\"font-size: 18px; font-weight: 400;\" aria-level=\"1\"><span style=\"font-size: 18px; font-weight: 400;\">Deletion of your data (\u201cright to be forgotten\u201d)<\/span><\/li><li style=\"font-size: 18px; font-weight: 400;\" aria-level=\"1\"><span style=\"font-size: 18px; font-weight: 400;\">Restriction or objection to processing<\/span><\/li><li style=\"font-size: 18px; font-weight: 400;\" aria-level=\"1\"><span style=\"font-size: 18px; font-weight: 400;\">Data portability (transfer of your information)<\/span><\/li><li style=\"font-size: 18px; font-weight: 400;\" aria-level=\"1\"><span style=\"font-size: 18px; font-weight: 400;\">Withdrawal of consent at any time<\/span><\/li><\/ul><p style=\"font-family: 'DM Sans', sans-serif; font-size: 18px; line-height: inherit; font-weight: 400; font-style: normal; margin-top: 0px; margin-bottom: 28.26px; letter-spacing: 0.1px;\"><span style=\"font-size: 18px; font-weight: 400;\">To exercise your rights, contact us at:\u00a0<\/span><b>privacy@solalrenov.com<\/b><\/p><h3 style=\"font-family: 'Hind Madurai', sans-serif; font-size: 34.992px; line-height: 38.0013px; font-weight: 600; font-style: normal; color: #232a34; text-decoration: none; text-transform: none; letter-spacing: normal; margin-top: 40.2408px; margin-bottom: 19.2456px;\"><b>8. Security of Your Information<\/b><\/h3><h3>\u00a0<\/h3><p style=\"font-family: 'DM Sans', sans-serif; font-size: 18px; line-height: inherit; font-weight: 400; font-style: normal; margin-top: 0px; margin-bottom: 28.26px; letter-spacing: 0.1px;\"><span style=\"font-size: 18px; font-weight: 400;\">We take appropriate technical and organisational measures to protect your personal data from loss, misuse, or unauthorised access.<\/span><\/p><h3 style=\"font-family: 'Hind Madurai', sans-serif; font-size: 34.992px; line-height: 38.0013px; font-weight: 600; font-style: normal; color: #232a34; text-decoration: none; text-transform: none; letter-spacing: normal; margin-top: 40.2408px; margin-bottom: 19.2456px;\"><b>9. Third-Party Links<\/b><\/h3><h3>\u00a0<\/h3><p style=\"font-family: 'DM Sans', sans-serif; font-size: 18px; line-height: inherit; font-weight: 400; font-style: normal; margin-top: 0px; margin-bottom: 28.26px; letter-spacing: 0.1px;\"><span style=\"font-size: 18px; font-weight: 400;\">Our website may contain links to third-party websites. solalRenov is not responsible for the privacy practices of these external sites.<\/span><\/p><h3 style=\"font-family: 'Hind Madurai', sans-serif; font-size: 34.992px; line-height: 38.0013px; font-weight: 600; font-style: normal; color: #232a34; text-decoration: none; text-transform: none; letter-spacing: normal; margin-top: 40.2408px; margin-bottom: 19.2456px;\"><b>10. Contact us<\/b><\/h3><p style=\"font-family: 'DM Sans', sans-serif; font-size: 18px; line-height: inherit; font-weight: 400; font-style: normal; margin-top: 0px; margin-bottom: 28.26px; color: #5c6164; letter-spacing: 0.1px;\"><span style=\"font-size: 18px; font-weight: 400;\">For questions or concerns about this Privacy Policy, or to exercise your rights, please contact us:<\/span><\/p><p style=\"font-family: 'DM Sans', sans-serif; font-size: 18px; line-height: inherit; font-weight: 400; font-style: normal; margin-top: 0px; margin-bottom: 28.26px; color: #5c6164; letter-spacing: 0.1px;\"><b>Phone:<\/b><span style=\"font-size: 18px; font-weight: 400;\">\u00a0<a class=\"contacts_phone\" style=\"font-size: 18px; color: #fdac2b; transition-property: all;\" href=\"tel:0189316432\">0189316432<\/a><\/span><\/p><p style=\"font-family: 'DM Sans', sans-serif; font-size: 18px; line-height: inherit; font-weight: 400; font-style: normal; margin-top: 0px; margin-bottom: 28.26px; color: #5c6164; letter-spacing: 0.1px;\"><strong style=\"font-size: 18px;\">E-mail<\/strong>:\u00a0<a style=\"font-size: 18px; color: #fdac2b; transition-property: all;\" href=\"mailto:contact@solalrenov.com\">contact@solalrenov.com<\/a><\/p><p style=\"font-family: 'DM Sans', sans-serif; font-size: 18px; line-height: inherit; font-weight: 400; font-style: normal; margin-top: 0px; margin-bottom: 0px; color: #5c6164; letter-spacing: 0.1px;\"><strong style=\"font-size: 18px;\">Address<\/strong>: 58 avenue de Wagram 75017 Paris\u00a0<\/p>\t\t\t\t\t\t\t\t<\/div>\n\t\t\t\t<\/div>\n\t\t\t\t\t<\/div>\n\t\t<\/div>\n\t\t\t\t\t<\/div>\n\t\t<\/section>\n\t\t\t\t<\/div>","protected":false},"excerpt":{"rendered":"<p>Politique de confidentialit\u00e9 Home 1.\u00a0Introduction Chez Solal Renov, nous respectons votre vie priv\u00e9e et nous engageons \u00e0 prot\u00e9ger vos donn\u00e9es personnelles. Cette politique de confidentialit\u00e9 explique quelles informations nous collectons,&hellip;<\/p>","protected":false},"author":7,"featured_media":0,"parent":0,"menu_order":0,"comment_status":"closed","ping_status":"closed","template":"","meta":{"content-type":"","inline_featured_image":false,"footnotes":""},"class_list":["post-12954","page","type-page","status-publish","hentry"],"yoast_head":"<!-- This site is optimized with the Yoast SEO plugin v27.4 - https:\/\/yoast.com\/product\/yoast-seo-wordpress\/ -->\n<title>Privacy Policy | solalRenov<\/title>\n<meta name=\"robots\" content=\"index, follow, max-snippet:-1, max-image-preview:large, max-video-preview:-1\" \/>\n<link rel=\"canonical\" href=\"https:\/\/solalrenov.com\/en\/privacy-policy\/\" \/>\n<meta property=\"og:locale\" content=\"en_US\" \/>\n<meta property=\"og:type\" content=\"article\" \/>\n<meta property=\"og:title\" content=\"Privacy Policy | solalRenov\" \/>\n<meta property=\"og:description\" content=\"Politique de confidentialit\u00e9 Home 1.\u00a0Introduction Chez Solal Renov, nous respectons votre vie priv\u00e9e et nous engageons \u00e0 prot\u00e9ger vos donn\u00e9es personnelles. Cette politique de confidentialit\u00e9 explique quelles informations nous collectons,&hellip;\" \/>\n<meta property=\"og:url\" content=\"https:\/\/solalrenov.com\/en\/privacy-policy\/\" \/>\n<meta property=\"og:site_name\" content=\"solal Renov\" \/>\n<meta property=\"article:modified_time\" content=\"2026-01-28T09:28:11+00:00\" \/>\n<meta property=\"og:image\" content=\"https:\/\/solalrenov.com\/wp-content\/uploads\/2025\/12\/cropped-Group-2-1.png\" \/>\n\t<meta property=\"og:image:width\" content=\"512\" \/>\n\t<meta property=\"og:image:height\" content=\"512\" \/>\n\t<meta property=\"og:image:type\" content=\"image\/png\" \/>\n<meta name=\"twitter:card\" content=\"summary_large_image\" \/>\n<meta name=\"twitter:label1\" content=\"Est. reading time\" \/>\n\t<meta name=\"twitter:data1\" content=\"3 minutes\" \/>\n<script type=\"application\/ld+json\" class=\"yoast-schema-graph\">{\"@context\":\"https:\\\/\\\/schema.org\",\"@graph\":[{\"@type\":\"WebPage\",\"@id\":\"https:\\\/\\\/solalrenov.com\\\/privacy-policy\\\/\",\"url\":\"https:\\\/\\\/solalrenov.com\\\/privacy-policy\\\/\",\"name\":\"Privacy Policy | solalRenov\",\"isPartOf\":{\"@id\":\"https:\\\/\\\/solalrenov.com\\\/#website\"},\"datePublished\":\"2020-08-27T08:23:10+00:00\",\"dateModified\":\"2026-01-28T09:28:11+00:00\",\"breadcrumb\":{\"@id\":\"https:\\\/\\\/solalrenov.com\\\/privacy-policy\\\/#breadcrumb\"},\"inLanguage\":\"en-US\",\"potentialAction\":[{\"@type\":\"ReadAction\",\"target\":[\"https:\\\/\\\/solalrenov.com\\\/privacy-policy\\\/\"]}]},{\"@type\":\"BreadcrumbList\",\"@id\":\"https:\\\/\\\/solalrenov.com\\\/privacy-policy\\\/#breadcrumb\",\"itemListElement\":[{\"@type\":\"ListItem\",\"position\":1,\"name\":\"Home\",\"item\":\"https:\\\/\\\/solalrenov.com\\\/\"},{\"@type\":\"ListItem\",\"position\":2,\"name\":\"Privacy Policy\"}]},{\"@type\":\"WebSite\",\"@id\":\"https:\\\/\\\/solalrenov.com\\\/#website\",\"url\":\"https:\\\/\\\/solalrenov.com\\\/\",\"name\":\"SolalRenov\",\"description\":\"R\u00e9novation de Maison\",\"publisher\":{\"@id\":\"https:\\\/\\\/solalrenov.com\\\/#organization\"},\"alternateName\":\"SolalRenov\",\"potentialAction\":[{\"@type\":\"SearchAction\",\"target\":{\"@type\":\"EntryPoint\",\"urlTemplate\":\"https:\\\/\\\/solalrenov.com\\\/?s={search_term_string}\"},\"query-input\":{\"@type\":\"PropertyValueSpecification\",\"valueRequired\":true,\"valueName\":\"search_term_string\"}}],\"inLanguage\":\"en-US\"},{\"@type\":\"Organization\",\"@id\":\"https:\\\/\\\/solalrenov.com\\\/#organization\",\"name\":\"SolalRenov\",\"url\":\"https:\\\/\\\/solalrenov.com\\\/\",\"logo\":{\"@type\":\"ImageObject\",\"inLanguage\":\"en-US\",\"@id\":\"https:\\\/\\\/solalrenov.com\\\/#\\\/schema\\\/logo\\\/image\\\/\",\"url\":\"https:\\\/\\\/solalrenov.com\\\/wp-content\\\/uploads\\\/2025\\\/09\\\/cropped-Solal-Renov-Main-Logo-Darkpng.png\",\"contentUrl\":\"https:\\\/\\\/solalrenov.com\\\/wp-content\\\/uploads\\\/2025\\\/09\\\/cropped-Solal-Renov-Main-Logo-Darkpng.png\",\"width\":929,\"height\":842,\"caption\":\"SolalRenov\"},\"image\":{\"@id\":\"https:\\\/\\\/solalrenov.com\\\/#\\\/schema\\\/logo\\\/image\\\/\"}}]}<\/script>\n<!-- \/ Yoast SEO plugin. -->","yoast_head_json":{"title":"Privacy Policy | solalRenov","robots":{"index":"index","follow":"follow","max-snippet":"max-snippet:-1","max-image-preview":"max-image-preview:large","max-video-preview":"max-video-preview:-1"},"canonical":"https:\/\/solalrenov.com\/en\/privacy-policy\/","og_locale":"en_US","og_type":"article","og_title":"Privacy Policy | solalRenov","og_description":"Politique de confidentialit\u00e9 Home 1.\u00a0Introduction Chez Solal Renov, nous respectons votre vie priv\u00e9e et nous engageons \u00e0 prot\u00e9ger vos donn\u00e9es personnelles. Cette politique de confidentialit\u00e9 explique quelles informations nous collectons,&hellip;","og_url":"https:\/\/solalrenov.com\/en\/privacy-policy\/","og_site_name":"solal Renov","article_modified_time":"2026-01-28T09:28:11+00:00","og_image":[{"width":512,"height":512,"url":"https:\/\/solalrenov.com\/wp-content\/uploads\/2025\/12\/cropped-Group-2-1.png","type":"image\/png"}],"twitter_card":"summary_large_image","twitter_misc":{"Est. reading time":"3 minutes"},"schema":{"@context":"https:\/\/schema.org","@graph":[{"@type":"WebPage","@id":"https:\/\/solalrenov.com\/privacy-policy\/","url":"https:\/\/solalrenov.com\/privacy-policy\/","name":"Privacy Policy | solalRenov","isPartOf":{"@id":"https:\/\/solalrenov.com\/#website"},"datePublished":"2020-08-27T08:23:10+00:00","dateModified":"2026-01-28T09:28:11+00:00","breadcrumb":{"@id":"https:\/\/solalrenov.com\/privacy-policy\/#breadcrumb"},"inLanguage":"en-US","potentialAction":[{"@type":"ReadAction","target":["https:\/\/solalrenov.com\/privacy-policy\/"]}]},{"@type":"BreadcrumbList","@id":"https:\/\/solalrenov.com\/privacy-policy\/#breadcrumb","itemListElement":[{"@type":"ListItem","position":1,"name":"Home","item":"https:\/\/solalrenov.com\/"},{"@type":"ListItem","position":2,"name":"Privacy Policy"}]},{"@type":"WebSite","@id":"https:\/\/solalrenov.com\/#website","url":"https:\/\/solalrenov.com\/","name":"SolalRenov","description":"House Renovation","publisher":{"@id":"https:\/\/solalrenov.com\/#organization"},"alternateName":"SolalRenov","potentialAction":[{"@type":"SearchAction","target":{"@type":"EntryPoint","urlTemplate":"https:\/\/solalrenov.com\/?s={search_term_string}"},"query-input":{"@type":"PropertyValueSpecification","valueRequired":true,"valueName":"search_term_string"}}],"inLanguage":"en-US"},{"@type":"Organization","@id":"https:\/\/solalrenov.com\/#organization","name":"SolalRenov","url":"https:\/\/solalrenov.com\/","logo":{"@type":"ImageObject","inLanguage":"en-US","@id":"https:\/\/solalrenov.com\/#\/schema\/logo\/image\/","url":"https:\/\/solalrenov.com\/wp-content\/uploads\/2025\/09\/cropped-Solal-Renov-Main-Logo-Darkpng.png","contentUrl":"https:\/\/solalrenov.com\/wp-content\/uploads\/2025\/09\/cropped-Solal-Renov-Main-Logo-Darkpng.png","width":929,"height":842,"caption":"SolalRenov"},"image":{"@id":"https:\/\/solalrenov.com\/#\/schema\/logo\/image\/"}}]}},"_links":{"self":[{"href":"https:\/\/solalrenov.com\/en\/wp-json\/wp\/v2\/pages\/12954","targetHints":{"allow":["GET"]}}],"collection":[{"href":"https:\/\/solalrenov.com\/en\/wp-json\/wp\/v2\/pages"}],"about":[{"href":"https:\/\/solalrenov.com\/en\/wp-json\/wp\/v2\/types\/page"}],"author":[{"embeddable":true,"href":"https:\/\/solalrenov.com\/en\/wp-json\/wp\/v2\/users\/7"}],"replies":[{"embeddable":true,"href":"https:\/\/solalrenov.com\/en\/wp-json\/wp\/v2\/comments?post=12954"}],"version-history":[{"count":40,"href":"https:\/\/solalrenov.com\/en\/wp-json\/wp\/v2\/pages\/12954\/revisions"}],"predecessor-version":[{"id":24089,"href":"https:\/\/solalrenov.com\/en\/wp-json\/wp\/v2\/pages\/12954\/revisions\/24089"}],"wp:attachment":[{"href":"https:\/\/solalrenov.com\/en\/wp-json\/wp\/v2\/media?parent=12954"}],"curies":[{"name":"wp","href":"https:\/\/api.w.org\/{rel}","templated":true}]}}